{"id":4215,"date":"2018-11-08T11:15:58","date_gmt":"2018-11-08T11:15:58","guid":{"rendered":"https:\/\/livewp.site\/wp\/md\/surfy\/?post_type=product&#038;p=4215"},"modified":"2021-02-28T19:11:04","modified_gmt":"2021-02-28T19:11:04","slug":"kitecamp-stagnone","status":"publish","type":"product","link":"https:\/\/www.stagnonekiteboarding.com\/en\/product\/kitecamp-stagnone\/","title":{"rendered":"Kitecamp Stagnone"},"content":{"rendered":"<div class=\"wpb-content-wrapper\"><div class=\"container\"><div class=\"vc_row-wrapper\"><div class=\"vc_row wpb_row vc_row-fluid\"  ><div class=\"wpb_column vc_column_container vc_col-sm-12\"><div class=\"vc_column-inner\"><div class=\"wpb_wrapper\">\n\t<div class=\"wpb_text_column wpb_content_element\" >\n\t\t<div class=\"wpb_wrapper\">\n\t\t\t<p><em>Una volta al mese la crew di <a href=\"http:\/\/www.ultimatekiteboarding.com\">ULTIMATE KITEBOARDING<\/a>\u00a0 in concomitanza con all\u2019<a href=\"http:\/\/www.associazionekitesurfitaliana.it\">Italian Kitesurf Association<\/a> e al portale <a href=\"http:\/\/www.kitesurfing.it\">www.kitesurfing.it<\/a> organizzano uno splendido soggiorno a misura di kiter nello <strong>Stagnone of Marsala<\/strong>: acqua piatta, vento sicuro siete tutti invitati a questo week end lungo di kite, adrenalina e divertimento.<\/em><\/p>\n<p>Primavera, tempo di kitesurf. Con le temperature che diventano mano mano pi\u00f9 miti, le giornate che inesorabilmente si allungano e i venti che soffiano costanti le nostre uscite in mare si moltiplicano regalandoci adrenalina e divertimento a volont\u00e0.<\/p>\n<p>Per chi per\u00f2 vuole staccare completamente la spina e fare una full immersion di planate e salti, allora non c\u2019\u00e8 niente di meglio che partire per un KiteCamp.<\/p>\n<p><strong>Dove?<\/strong><span>\u00a0<\/span>Ma in un posto da sogno ovviamente: acqua piatta, vento fotonico, un\u2019atmosfera in pura beach life e un paesaggio mozzafiato, precisamente presso il Centro internazionale Utlimate<span>\u00a0<\/span><a href=\"http:\/\/www.kitesurfstagnone.it\/\">STAGNONE KITEBOARDING\u00a0<\/a><\/p>\n<p>Stiamo parlando dello Stagnone ovviamente. La crew di Ultimate Kiteboarding unitamente alla scuola di <strong>KitesurfRoma<\/strong> (<a href=\"http:\/\/www.kitesurfroma.it\/\">www.kitesurfroma.it<\/a>), una delle scuole di kitesurf\u00a0 pi\u00f9 importanti e rinomate della capitale, in collaborazione con l\u2019Associazione Kitesurf Italiana (<a href=\"http:\/\/www.associazionekitesurfitaliana.it\/\">www.associazionekitesurfitaliana.it<\/a>) e con il portale<span>\u00a0<\/span><a href=\"http:\/\/www.kitesurfing.it\/\">www.kitesurfing.it<\/a><span>\u00a0<\/span>organizza a partire dal mese di Aprile un serie di fantastici KiteCamp in terra sicula, proprio allo Stagnone di Marsala.<\/p>\n<p>Un occasione unica dove si avr\u00e0 la possibilit\u00e0 di vedere con mano l\u2019intera collezione degli ultimi arrivati di casa Ultimate Kiteboarding come le pro edition Photomnic Super model e le tavole freestyle Prisma nonch\u00e8 le super surf borad Smash ed Eccentric<\/p>\n<h3><strong>Dove alloggeremo?<\/strong><\/h3>\n<p>Le sistemazioni saranno a seconda la disponibilit\u00e0, o in piccoli residence oppure in appartamenti tutti vicinissimi lo spot, dove per i pi\u00f9 esigenti ci sar\u00e0 la possibilit\u00e0 di avere a disposizione anche una cucina.<\/p>\n<h3 id=\"aui_3_2_0_1756\"><span id=\"aui_3_2_0_1755\"><strong id=\"aui_3_2_0_1754\">Posso partecipare anche se vengo da solo?<\/strong><\/span><\/h3>\n<p>Certamente, la magia dei KITECAMP sono indirizzati sopratutto a chi ama viaggiare ma non ha compagni per poter condividere il kitesurf, infatti\u00a0 la maggior parte dei partecipanti non si conoscono in quanto vengono da tutta Italia e non.<\/p>\n<p>&nbsp;<\/p>\n<h3><strong>Sono un principiante e sono alle partenze il viaggio \u00e8 adatto a me?<\/strong><\/h3>\n<p>Il viaggio \u00e8 adatto a chiunque, sia a colui che vuole imparare il kitesurf da zero, sia per chi sta al body drag oppure al water start, sia per chi vuole migliorare oppure allenarsi seguito da allenatori di kitesurf.<\/p>\n<h3><\/h3>\n<h3><strong>E\u2019 possibile fare lezioni private durante il Kitecamp?<\/strong><\/h3>\n<p>Sar\u00e0 possibile effettuare corsi individuali che il costo \u00e8 comunque a parte, che varia dai 30 ai\u00a0 50 a lezione. Per le lezioni\u00a0lunica costante che bisogna prenotarle prima della partenza.<\/p>\n<p>&nbsp;<\/p>\n<p><img decoding=\"async\" class=\"aligncenter\" src=\"http:\/\/www.kitesurfing.it\/image\/image_gallery?uuid=de6d8c90-bb7e-458c-ade8-5e6023333493&amp;groupId=30606&amp;t=1536757137785\" alt=\"\" data-pagespeed-url-hash=\"2146922210\" \/><\/p>\n<h3><strong>Ci saranno stage per i pi\u00f9 avanzati?<\/strong><\/h3>\n<p>Ci saranno stage gratuiti di tutte le discipline come il freestyle o lo strapless<\/p>\n<p>&nbsp;<\/p>\n<h3><strong>Per chi non fa kitesurf il viaggio \u00e8 adatto?<\/strong><\/h3>\n<p>Assolutamente si, parliamo sempre della Sicilia, dove oltre al kitesurf si possono organizzare escursioni alle ISOLE EGADI in catamarano, oltre a visitare l\u2019isola di MOZIA e molto altro ancora, per non parlare dela parte culinaria di eccellenza.<\/p>\n<h3><strong>Per mangiare si spende molto durante il giorno?<\/strong><\/h3>\n<p>Anche se alloggiamo in grazosi appartamenti, il prezzo della vita in Sicilia \u00e8 meno caro, pertanto la spesa non \u00e8 cmq elevata, poi dipende sempre dalla scelta personale.<\/p>\n<p>&nbsp;<\/p>\n<p><img loading=\"lazy\" decoding=\"async\" class=\"aligncenter wp-image-3038\" src=\"https:\/\/www.kitesurfstagnone.it\/wp-content\/uploads\/2019\/06\/corso-base.jpeg\" sizes=\"auto, (max-width: 656px) 100vw, 656px\" srcset=\"https:\/\/www.kitesurfstagnone.it\/wp-content\/uploads\/2019\/06\/corso-base.jpeg 2000w, https:\/\/www.kitesurfstagnone.it\/wp-content\/uploads\/2019\/06\/corso-base-300x200.jpeg 300w, https:\/\/www.kitesurfstagnone.it\/wp-content\/uploads\/2019\/06\/corso-base-768x512.jpeg 768w, https:\/\/www.kitesurfstagnone.it\/wp-content\/uploads\/2019\/06\/corso-base-1024x682.jpeg 1024w, https:\/\/www.kitesurfstagnone.it\/wp-content\/uploads\/2019\/06\/corso-base-870x580.jpeg 870w, https:\/\/www.kitesurfstagnone.it\/wp-content\/uploads\/2019\/06\/corso-base-570x380.jpeg 570w, https:\/\/www.kitesurfstagnone.it\/wp-content\/uploads\/2019\/06\/corso-base-480x320.jpeg 480w, https:\/\/www.kitesurfstagnone.it\/wp-content\/uploads\/2019\/06\/corso-base-390x260.jpeg 390w, https:\/\/www.kitesurfstagnone.it\/wp-content\/uploads\/2019\/06\/corso-base-270x180.jpeg 270w\" alt=\"\" width=\"656\" height=\"437\" data-pagespeed-url-hash=\"2278593955\" \/><\/p>\n<p>&nbsp;<\/p>\n<h3><strong>Per trasportare le attrezzature?<\/strong><\/h3>\n<p>Ad un costo di soli 25 euro a tratta possiamo inviare un corriere 48 ore prima direttamente a casa vostra in tutta Italia ed Europa, dove troverete la vostra sacca direttamente in accomodation.<\/p>\n<p>&nbsp;<\/p>\n<h3><strong>Si pu\u00f2 affittare l\u2019attrezzatura?<\/strong><\/h3>\n<p>Si, sul posto si possono affittare le attrezzature di seguito lo schema. Il tutto bisogna obbligatoriamente prenotarlo prima della partenza\u00a0 deve essere prenotato prima della partenza.<\/p>\n<p>Oppure potete visitare direttamee la sezione dedicata del centro che ospiter\u00e0 il kitecamp cliccando sul link:<\/p>\n<p>&nbsp;<\/p>\n<div id=\"attachment_2764\" style=\"width: 672px\" class=\"wp-caption aligncenter\"><img loading=\"lazy\" decoding=\"async\" aria-describedby=\"caption-attachment-2764\" class=\"wp-image-2764\" src=\"https:\/\/www.kitesurfstagnone.it\/wp-content\/uploads\/2019\/01\/662x333xaffitto-materiali-kitesurf.jpg.pagespeed.ic.QzaNewaFyi.webp\" alt=\"\" width=\"662\" height=\"333\" data-pagespeed-url-hash=\"4078026585\" \/><p id=\"caption-attachment-2764\" class=\"wp-caption-text\">Affitto prezzi kitesurf Stagnone<\/p><\/div>\n<p><a href=\"https:\/\/www.stagnonekiteboarding.com\/en\/prezzi-affitto-noleggio-materiali-kitesurf-rent-attrezzature-kiteboard-sicilia\/\">https:\/\/www.stagnonekiteboarding.com\/prezzi-affitto-noleggio-materiali-kitesurf-rent-attrezzature-kiteboard-sicilia\/<\/a><\/p>\n<p>&nbsp;<\/p>\n<h3><strong>Quanto costa e cosa comprende il pacchetto<\/strong><\/h3>\n<p>Il pacchetto di 5 giorni\u00a0 che comprende il\u00a0<span>\u00a0<\/span><strong>RESORT \u00a0\u2013 KITEBEACH RISERVATA \u2013 TRASFER<span>\u00a0<\/span><\/strong>(il prezzo potrebbe variare per chi si prenota 15 prima delle date del kitecamp a causa aumento delle tariffe aeree).<span>\u00a0<\/span><strong>I<\/strong><\/p>\n<p>&nbsp;<\/p>\n<h3><strong>Navigare in una laguna circondati da saline e mulini a vento<\/strong><\/h3>\n<p>Lo \u201cStagno\u201d, come lo chiamano affettuosamente i local e i kiter che lo frequentano da ogni dove \u00e8 lo spot italiano che negli ultimi anni si \u00e8 imposto come location ideale per la pratica del kite.<\/p>\n<p>Poco a Nord della citt\u00e0 di Marsala infatti il mare forma una sorta di laguna chiusa ad Est dalla costa siciliana e ad ovest dall\u2019Isola Longa.<\/p>\n<p>Si tratta di una riserva naturale incontaminata circondata da mulini a vento e dalle antiche saline.<\/p>\n<p>Al centro della laguna si trovano le isolette di Santa Maria, Schola e Mozia.<\/p>\n<p>La conformazione riparata dello Stagnone che determina la completa assenza di onde, i fondali che non superano mai una profondit\u00e0 di 1,60 m, il vento che soffia continuamente sia dai quadranti settentrionali che meridionali, unito alla temperatura mite che domina il paesaggio durante tutto l\u2019anno grazie alla vicinanza delle coste africane, rendono questo spot una localit\u00e0 tra le pi\u00f9 apprezzate sia dai principianti che dagli amanti delle discipline Freestyle e Freeride: non a caso sono tanti gli atleti non solo italiani che vengono qui ad allenarsi in vista delle principali competizioni.<\/p>\n<p>&nbsp;<\/p>\n<p><img loading=\"lazy\" decoding=\"async\" class=\"aligncenter size-full wp-image-3039\" src=\"https:\/\/www.kitesurfstagnone.it\/wp-content\/uploads\/2019\/06\/iko-affiliate-02-01-600x304.png\" sizes=\"auto, (max-width: 600px) 100vw, 600px\" srcset=\"https:\/\/www.kitesurfstagnone.it\/wp-content\/uploads\/2019\/06\/iko-affiliate-02-01-600x304.png 600w, https:\/\/www.kitesurfstagnone.it\/wp-content\/uploads\/2019\/06\/iko-affiliate-02-01-600x304-300x152.png 300w\" alt=\"\" width=\"600\" height=\"304\" data-pagespeed-url-hash=\"3715285040\" \/><\/p>\n<p>Per maggiori info non esitare a contattarci sia via mail che via whatsapp<\/p>\n\n\t\t<\/div>\n\t<\/div>\n<\/div><\/div><\/div><\/div><\/div><\/div>\n<\/div>","protected":false},"excerpt":{"rendered":"<p><span>Il pacchetto di 5 giorni\u00a0 che comprende il\u00a0<strong>\u00a0RESORT \u00a0&#8211; KITEBEACH &#8211; RISERVATA 4 ore di Lezione individialeil costo \u00e8 di soli\u00a0\u00a0di 380,00 euro<\/strong>\u00a0(il prezzo potrebbe variare per chi si prenota qualche settimana dopo la pubblicazione dell&#8217;articolo causa aumento delle tariffe aeree).\u00a0<\/span><strong><span>Il Pacchetto completo per 14 giorni e di soli\u00a0 693,00 euro\u00a0<\/span><\/strong><\/p>","protected":false},"featured_media":4584,"comment_status":"open","ping_status":"closed","template":"","meta":{"_monsterinsights_skip_tracking":false,"_monsterinsights_sitenote_active":false,"_monsterinsights_sitenote_note":"","_monsterinsights_sitenote_category":0},"product_brand":[],"product_cat":[61],"product_tag":[],"class_list":{"0":"post-4215","1":"product","2":"type-product","3":"status-publish","4":"has-post-thumbnail","6":"product_cat-kitecamp","8":"first","9":"instock","10":"sale","11":"virtual","12":"purchasable","13":"product-type-simple"},"yoast_head":"<!-- This site is optimized with the Yoast SEO plugin v27.4 - https:\/\/yoast.com\/product\/yoast-seo-wordpress\/ -->\n<title>Kitecamp Stagnone - Kitesurf Stagnone<\/title>\n<meta name=\"description\" content=\"Kitecamp Stagnone, uno dei migliori viaggi dedicato al Kitesurf, con lezioni, corsi, area lounge, kitebeach riservaa e molto altro ancora\" \/>\n<meta name=\"robots\" content=\"index, follow, max-snippet:-1, max-image-preview:large, max-video-preview:-1\" \/>\n<link rel=\"canonical\" href=\"https:\/\/www.stagnonekiteboarding.com\/en\/product\/kitecamp-stagnone\/\" \/>\n<meta property=\"og:locale\" content=\"en_GB\" \/>\n<meta property=\"og:type\" content=\"article\" \/>\n<meta property=\"og:title\" content=\"Kitecamp Stagnone - Kitesurf Stagnone\" \/>\n<meta property=\"og:description\" content=\"Kitecamp Stagnone, uno dei migliori viaggi dedicato al Kitesurf, con lezioni, corsi, area lounge, kitebeach riservaa e molto altro ancora\" \/>\n<meta property=\"og:url\" content=\"https:\/\/www.stagnonekiteboarding.com\/en\/product\/kitecamp-stagnone\/\" \/>\n<meta property=\"og:site_name\" content=\"Kitesurf Stagnone\" \/>\n<meta property=\"article:publisher\" content=\"https:\/\/www.facebook.com\/stagnonekiteboarding\" \/>\n<meta property=\"article:modified_time\" content=\"2021-02-28T19:11:04+00:00\" \/>\n<meta property=\"og:image\" content=\"https:\/\/www.stagnonekiteboarding.com\/wp-content\/uploads\/2018\/11\/Kitesurf-Stagnone-riding.jpg\" \/>\n\t<meta property=\"og:image:width\" content=\"959\" \/>\n\t<meta property=\"og:image:height\" content=\"959\" \/>\n\t<meta property=\"og:image:type\" content=\"image\/jpeg\" \/>\n<meta name=\"twitter:card\" content=\"summary_large_image\" \/>\n<meta name=\"twitter:label1\" content=\"Estimated reading time\" \/>\n\t<meta name=\"twitter:data1\" content=\"5 minutes\" \/>\n<script type=\"application\/ld+json\" class=\"yoast-schema-graph\">{\"@context\":\"https:\\\/\\\/schema.org\",\"@graph\":[{\"@type\":\"WebPage\",\"@id\":\"https:\\\/\\\/www.stagnonekiteboarding.com\\\/prodotto\\\/kitecamp-stagnone\\\/\",\"url\":\"https:\\\/\\\/www.stagnonekiteboarding.com\\\/prodotto\\\/kitecamp-stagnone\\\/\",\"name\":\"Kitecamp Stagnone - Kitesurf Stagnone\",\"isPartOf\":{\"@id\":\"https:\\\/\\\/www.stagnonekiteboarding.com\\\/#website\"},\"primaryImageOfPage\":{\"@id\":\"https:\\\/\\\/www.stagnonekiteboarding.com\\\/prodotto\\\/kitecamp-stagnone\\\/#primaryimage\"},\"image\":{\"@id\":\"https:\\\/\\\/www.stagnonekiteboarding.com\\\/prodotto\\\/kitecamp-stagnone\\\/#primaryimage\"},\"thumbnailUrl\":\"https:\\\/\\\/www.stagnonekiteboarding.com\\\/wp-content\\\/uploads\\\/2018\\\/11\\\/Kitesurf-Stagnone-riding.jpg\",\"datePublished\":\"2018-11-08T11:15:58+00:00\",\"dateModified\":\"2021-02-28T19:11:04+00:00\",\"description\":\"Kitecamp Stagnone, uno dei migliori viaggi dedicato al Kitesurf, con lezioni, corsi, area lounge, kitebeach riservaa e molto altro ancora\",\"breadcrumb\":{\"@id\":\"https:\\\/\\\/www.stagnonekiteboarding.com\\\/prodotto\\\/kitecamp-stagnone\\\/#breadcrumb\"},\"inLanguage\":\"en-GB\",\"potentialAction\":[{\"@type\":\"ReadAction\",\"target\":[\"https:\\\/\\\/www.stagnonekiteboarding.com\\\/prodotto\\\/kitecamp-stagnone\\\/\"]}]},{\"@type\":\"ImageObject\",\"inLanguage\":\"en-GB\",\"@id\":\"https:\\\/\\\/www.stagnonekiteboarding.com\\\/prodotto\\\/kitecamp-stagnone\\\/#primaryimage\",\"url\":\"https:\\\/\\\/www.stagnonekiteboarding.com\\\/wp-content\\\/uploads\\\/2018\\\/11\\\/Kitesurf-Stagnone-riding.jpg\",\"contentUrl\":\"https:\\\/\\\/www.stagnonekiteboarding.com\\\/wp-content\\\/uploads\\\/2018\\\/11\\\/Kitesurf-Stagnone-riding.jpg\",\"width\":959,\"height\":959},{\"@type\":\"BreadcrumbList\",\"@id\":\"https:\\\/\\\/www.stagnonekiteboarding.com\\\/prodotto\\\/kitecamp-stagnone\\\/#breadcrumb\",\"itemListElement\":[{\"@type\":\"ListItem\",\"position\":1,\"name\":\"Home\",\"item\":\"https:\\\/\\\/www.stagnonekiteboarding.com\\\/\"},{\"@type\":\"ListItem\",\"position\":2,\"name\":\"Shop\",\"item\":\"https:\\\/\\\/www.stagnonekiteboarding.com\\\/negozio\\\/\"},{\"@type\":\"ListItem\",\"position\":3,\"name\":\"Kitecamp Stagnone\"}]},{\"@type\":\"WebSite\",\"@id\":\"https:\\\/\\\/www.stagnonekiteboarding.com\\\/#website\",\"url\":\"https:\\\/\\\/www.stagnonekiteboarding.com\\\/\",\"name\":\"Kitesurf Stagnone\",\"description\":\"Scuola Centro Kitesurf Stagnone - Marsala - Trapani - Sicilia\",\"publisher\":{\"@id\":\"https:\\\/\\\/www.stagnonekiteboarding.com\\\/#organization\"},\"potentialAction\":[{\"@type\":\"SearchAction\",\"target\":{\"@type\":\"EntryPoint\",\"urlTemplate\":\"https:\\\/\\\/www.stagnonekiteboarding.com\\\/?s={search_term_string}\"},\"query-input\":{\"@type\":\"PropertyValueSpecification\",\"valueRequired\":true,\"valueName\":\"search_term_string\"}}],\"inLanguage\":\"en-GB\"},{\"@type\":\"Organization\",\"@id\":\"https:\\\/\\\/www.stagnonekiteboarding.com\\\/#organization\",\"name\":\"Kitesurf Stagnone\",\"url\":\"https:\\\/\\\/www.stagnonekiteboarding.com\\\/\",\"logo\":{\"@type\":\"ImageObject\",\"inLanguage\":\"en-GB\",\"@id\":\"https:\\\/\\\/www.stagnonekiteboarding.com\\\/#\\\/schema\\\/logo\\\/image\\\/\",\"url\":\"https:\\\/\\\/www.stagnonekiteboarding.com\\\/wp-content\\\/uploads\\\/2020\\\/11\\\/Logo-stagnone-kitesurf.png\",\"contentUrl\":\"https:\\\/\\\/www.stagnonekiteboarding.com\\\/wp-content\\\/uploads\\\/2020\\\/11\\\/Logo-stagnone-kitesurf.png\",\"width\":400,\"height\":200,\"caption\":\"Kitesurf Stagnone\"},\"image\":{\"@id\":\"https:\\\/\\\/www.stagnonekiteboarding.com\\\/#\\\/schema\\\/logo\\\/image\\\/\"},\"sameAs\":[\"https:\\\/\\\/www.facebook.com\\\/stagnonekiteboarding\",\"https:\\\/\\\/www.instagram.com\\\/stagnonekiteboarding\"]}]}<\/script>\n<!-- \/ Yoast SEO plugin. -->","yoast_head_json":{"title":"Kitecamp Stagnone - Kitesurf Stagnone","description":"Kitecamp Stagnone, uno dei migliori viaggi dedicato al Kitesurf, con lezioni, corsi, area lounge, kitebeach riservaa e molto altro ancora","robots":{"index":"index","follow":"follow","max-snippet":"max-snippet:-1","max-image-preview":"max-image-preview:large","max-video-preview":"max-video-preview:-1"},"canonical":"https:\/\/www.stagnonekiteboarding.com\/en\/product\/kitecamp-stagnone\/","og_locale":"en_GB","og_type":"article","og_title":"Kitecamp Stagnone - Kitesurf Stagnone","og_description":"Kitecamp Stagnone, uno dei migliori viaggi dedicato al Kitesurf, con lezioni, corsi, area lounge, kitebeach riservaa e molto altro ancora","og_url":"https:\/\/www.stagnonekiteboarding.com\/en\/product\/kitecamp-stagnone\/","og_site_name":"Kitesurf Stagnone","article_publisher":"https:\/\/www.facebook.com\/stagnonekiteboarding","article_modified_time":"2021-02-28T19:11:04+00:00","og_image":[{"width":959,"height":959,"url":"https:\/\/www.stagnonekiteboarding.com\/wp-content\/uploads\/2018\/11\/Kitesurf-Stagnone-riding.jpg","type":"image\/jpeg"}],"twitter_card":"summary_large_image","twitter_misc":{"Estimated reading time":"5 minutes"},"schema":{"@context":"https:\/\/schema.org","@graph":[{"@type":"WebPage","@id":"https:\/\/www.stagnonekiteboarding.com\/prodotto\/kitecamp-stagnone\/","url":"https:\/\/www.stagnonekiteboarding.com\/prodotto\/kitecamp-stagnone\/","name":"Kitecamp Stagnone - Kitesurf Stagnone","isPartOf":{"@id":"https:\/\/www.stagnonekiteboarding.com\/#website"},"primaryImageOfPage":{"@id":"https:\/\/www.stagnonekiteboarding.com\/prodotto\/kitecamp-stagnone\/#primaryimage"},"image":{"@id":"https:\/\/www.stagnonekiteboarding.com\/prodotto\/kitecamp-stagnone\/#primaryimage"},"thumbnailUrl":"https:\/\/www.stagnonekiteboarding.com\/wp-content\/uploads\/2018\/11\/Kitesurf-Stagnone-riding.jpg","datePublished":"2018-11-08T11:15:58+00:00","dateModified":"2021-02-28T19:11:04+00:00","description":"Kitecamp Stagnone, uno dei migliori viaggi dedicato al Kitesurf, con lezioni, corsi, area lounge, kitebeach riservaa e molto altro ancora","breadcrumb":{"@id":"https:\/\/www.stagnonekiteboarding.com\/prodotto\/kitecamp-stagnone\/#breadcrumb"},"inLanguage":"en-GB","potentialAction":[{"@type":"ReadAction","target":["https:\/\/www.stagnonekiteboarding.com\/prodotto\/kitecamp-stagnone\/"]}]},{"@type":"ImageObject","inLanguage":"en-GB","@id":"https:\/\/www.stagnonekiteboarding.com\/prodotto\/kitecamp-stagnone\/#primaryimage","url":"https:\/\/www.stagnonekiteboarding.com\/wp-content\/uploads\/2018\/11\/Kitesurf-Stagnone-riding.jpg","contentUrl":"https:\/\/www.stagnonekiteboarding.com\/wp-content\/uploads\/2018\/11\/Kitesurf-Stagnone-riding.jpg","width":959,"height":959},{"@type":"BreadcrumbList","@id":"https:\/\/www.stagnonekiteboarding.com\/prodotto\/kitecamp-stagnone\/#breadcrumb","itemListElement":[{"@type":"ListItem","position":1,"name":"Home","item":"https:\/\/www.stagnonekiteboarding.com\/"},{"@type":"ListItem","position":2,"name":"Shop","item":"https:\/\/www.stagnonekiteboarding.com\/negozio\/"},{"@type":"ListItem","position":3,"name":"Kitecamp Stagnone"}]},{"@type":"WebSite","@id":"https:\/\/www.stagnonekiteboarding.com\/#website","url":"https:\/\/www.stagnonekiteboarding.com\/","name":"Kitesurf Stagnone","description":"Scuola Centro Kitesurf Stagnone - Marsala - Trapani - Sicilia","publisher":{"@id":"https:\/\/www.stagnonekiteboarding.com\/#organization"},"potentialAction":[{"@type":"SearchAction","target":{"@type":"EntryPoint","urlTemplate":"https:\/\/www.stagnonekiteboarding.com\/?s={search_term_string}"},"query-input":{"@type":"PropertyValueSpecification","valueRequired":true,"valueName":"search_term_string"}}],"inLanguage":"en-GB"},{"@type":"Organization","@id":"https:\/\/www.stagnonekiteboarding.com\/#organization","name":"Kitesurf Stagnone","url":"https:\/\/www.stagnonekiteboarding.com\/","logo":{"@type":"ImageObject","inLanguage":"en-GB","@id":"https:\/\/www.stagnonekiteboarding.com\/#\/schema\/logo\/image\/","url":"https:\/\/www.stagnonekiteboarding.com\/wp-content\/uploads\/2020\/11\/Logo-stagnone-kitesurf.png","contentUrl":"https:\/\/www.stagnonekiteboarding.com\/wp-content\/uploads\/2020\/11\/Logo-stagnone-kitesurf.png","width":400,"height":200,"caption":"Kitesurf Stagnone"},"image":{"@id":"https:\/\/www.stagnonekiteboarding.com\/#\/schema\/logo\/image\/"},"sameAs":["https:\/\/www.facebook.com\/stagnonekiteboarding","https:\/\/www.instagram.com\/stagnonekiteboarding"]}]}},"_links":{"self":[{"href":"https:\/\/www.stagnonekiteboarding.com\/en\/wp-json\/wp\/v2\/product\/4215","targetHints":{"allow":["GET"]}}],"collection":[{"href":"https:\/\/www.stagnonekiteboarding.com\/en\/wp-json\/wp\/v2\/product"}],"about":[{"href":"https:\/\/www.stagnonekiteboarding.com\/en\/wp-json\/wp\/v2\/types\/product"}],"replies":[{"embeddable":true,"href":"https:\/\/www.stagnonekiteboarding.com\/en\/wp-json\/wp\/v2\/comments?post=4215"}],"wp:featuredmedia":[{"embeddable":true,"href":"https:\/\/www.stagnonekiteboarding.com\/en\/wp-json\/wp\/v2\/media\/4584"}],"wp:attachment":[{"href":"https:\/\/www.stagnonekiteboarding.com\/en\/wp-json\/wp\/v2\/media?parent=4215"}],"wp:term":[{"taxonomy":"product_brand","embeddable":true,"href":"https:\/\/www.stagnonekiteboarding.com\/en\/wp-json\/wp\/v2\/product_brand?post=4215"},{"taxonomy":"product_cat","embeddable":true,"href":"https:\/\/www.stagnonekiteboarding.com\/en\/wp-json\/wp\/v2\/product_cat?post=4215"},{"taxonomy":"product_tag","embeddable":true,"href":"https:\/\/www.stagnonekiteboarding.com\/en\/wp-json\/wp\/v2\/product_tag?post=4215"}],"curies":[{"name":"wp","href":"https:\/\/api.w.org\/{rel}","templated":true}]}}